{"id":1792,"date":"2026-03-11T18:24:16","date_gmt":"2026-03-11T18:24:16","guid":{"rendered":"https:\/\/bohoclub.com\/?page_id=1792"},"modified":"2026-05-04T15:08:13","modified_gmt":"2026-05-04T15:08:13","slug":"politica-de-privacidad","status":"publish","type":"page","link":"https:\/\/bohoclub.com\/es\/privacy-policy\/","title":{"rendered":"Pol\u00edtica de privacidad"},"content":{"rendered":"<div data-elementor-type=\"wp-page\" data-elementor-id=\"1792\" class=\"elementor elementor-1792\" data-elementor-post-type=\"page\">\n\t\t\t\t<div class=\"elementor-element elementor-element-33055c2 e-flex e-con-boxed e-con e-parent\" data-id=\"33055c2\" data-element_type=\"container\" data-e-type=\"container\" data-settings=\"{&quot;background_background&quot;:&quot;classic&quot;}\">\n\t\t\t\t\t<div class=\"e-con-inner\">\n\t\t\t\t<div class=\"elementor-element elementor-element-b4fbdd9 elementor-widget elementor-widget-heading\" data-id=\"b4fbdd9\" data-element_type=\"widget\" data-e-type=\"widget\" data-widget_type=\"heading.default\">\n\t\t\t\t\t<h2 class=\"elementor-heading-title elementor-size-default\">Pol\u00edtica de privacidad<\/h2>\t\t\t\t<\/div>\n\t\t\t\t<div class=\"elementor-element elementor-element-0cae18e elementor-widget elementor-widget-heading\" data-id=\"0cae18e\" data-element_type=\"widget\" data-e-type=\"widget\" data-widget_type=\"heading.default\">\n\t\t\t\t\t<div class=\"elementor-heading-title elementor-size-default\"><strong>\u00daltima actualizaci\u00f3n: <\/strong>4 de mayo de 2026<\/div>\t\t\t\t<\/div>\n\t\t\t\t\t<\/div>\n\t\t\t\t<\/div>\n\t\t<div class=\"elementor-element elementor-element-bc9216b e-flex e-con-boxed e-con e-parent\" data-id=\"bc9216b\" data-element_type=\"container\" data-e-type=\"container\" data-settings=\"{&quot;background_background&quot;:&quot;classic&quot;}\">\n\t\t\t\t\t<div class=\"e-con-inner\">\n\t\t\t\t<div class=\"elementor-element elementor-element-e526fa9 elementor-widget elementor-widget-text-editor\" data-id=\"e526fa9\" data-element_type=\"widget\" data-e-type=\"widget\" data-widget_type=\"text-editor.default\">\n\t\t\t\t\t\t\t\t\t<p><b>Pol\u00edtica de privacidad<\/b><\/p><p>Este texto legal le da detalles de c\u00f3mo recopilamos y procesamos sus datos personales a trav\u00e9s del uso de nuestro sitio web\u00a0<a href=\"https:\/\/web.archive.org\/web\/20251209100647\/https:\/\/www.bohoclub.com\/\">https:\/\/www.bohoclub.com<\/a>. incluyendo cualquier informaci\u00f3n que pueda proporcionarnos a trav\u00e9s del sitio cuando realiza la contrataci\u00f3n de nuestros servicios, se registra a nuestro bolet\u00edn informativo o proporciona sus datos a trav\u00e9s de los formularios habilitados para tal fin.\u00a0<\/p><p>Al proporcionarnos los datos, le informamos que nuestros servicios no son posibles para aquellas personas que la normativa les impide prestar consentimiento, por lo que cuando nos remite los formularios nos garantiza que tiene la capacidad suficiente para otorgar consentimiento.\u00a0<\/p><p>A continuaci\u00f3n, le informamos sobre la pol\u00edtica de protecci\u00f3n de datos de:\u00a0<b>El Bohoclub, S.L<\/b><\/p><ol><li><b>Responsable del tratamiento.<\/b><\/li><\/ol><p>Datos de contacto del responsable:\u00a0<\/p><p><b>El Bohoclub, S.L,\u00a0<\/b>con CIF: B93621845 y domicilio en: Carretera N-340, Km 176 Urb. Lomas de R\u00edo Verde 144 29602 Marbella M\u00e1laga y tel\u00e9fono: 952 157 221. Email:\u00a0<a href=\"mailto:dataprotection@quartiersproperties.se\">dataprotection@quartiersproperties.se<\/a>.<\/p><p>Contamos con Delegado de Protecci\u00f3n de Datos, con el que podr\u00e1 contactar en el email:\u00a0<\/p><p><a href=\"mailto:dataprotection@quartiersproperties.se\">dataprotection@quartiersproperties.se<\/a><\/p><p>Registro Mercantil de M\u00e1laga:<br \/>Tomo 5752, Libro:4659, Folio: 12, Hoja MA-146300, Inscripci\u00f3n 1 A\u00a0<\/p><p><b>El Bohoclub, S.L<\/b>, es el responsable de sus datos. (En adelante nosotros o nuestro).<b>\u00a0<\/b><\/p><ol start=\"2\"><li><b>\u00bfQu\u00e9 datos recopilamos?\u00a0<\/b><\/li><\/ol><p>El Reglamento General de Protecci\u00f3n de Datos, define los\u00a0<b>datos personales<\/b>\u00a0como toda informaci\u00f3n sobre una persona f\u00edsica identificada o identificable, es decir cualquier informaci\u00f3n capaz de identificar a una persona. Esto no incluir\u00eda los datos an\u00f3nimos, ni porcentuales.\u00a0<\/p><p>Los datos de car\u00e1cter personal que se pudieran recabar directamente del interesado, ser\u00e1n tratados de forma confidencial y quedar\u00e1n incorporados a las correspondientes actividades del tratamiento, titularidad de\u00a0<b>El Bohoclub, S.L<\/b>.<\/p><p>En nuestra Web podemos procesar ciertos tipos de datos personales, que pueden incluir:<\/p><ul><li aria-level=\"1\">Datos de identidad: nombre, apellido, curriculum vitae.<\/li><li aria-level=\"1\">Datos de contacto: email, tel\u00e9fono.<\/li><li aria-level=\"1\">Datos de marketing y comunicaciones: preferencias para recibir comunicaciones de marketing por nuestra parte y medio preferente de comunicaci\u00f3n.\u00a0<\/li><\/ul><p>No recopilamos ning\u00fan dato relativo a categor\u00edas especiales de datos personales (aquellos que desvelen su origen \u00e9tnico o racial, las opiniones pol\u00edticas, las convicciones religiosas o filos\u00f3ficas, la afiliaci\u00f3n sindical e informaci\u00f3n sobre su salud, datos gen\u00e9ticos o biom\u00e9tricos).\u00a0<\/p><p>En caso de que se le solicite recopilar datos personales por ley o seg\u00fan los t\u00e9rminos de contrataci\u00f3n entre nosotros y se niegue a facilitarnoslos, es posible que no podamos realizar dicho contrato o prestar el servicio, debiendo comunic\u00e1rnoslo con antelaci\u00f3n.\u00a0\u00a0<\/p><ol start=\"3\"><li><b>\u00bfC\u00f3mo recopilamos sus datos personales?\u00a0<\/b><\/li><\/ol><p>Los medios que utilizamos para recopilar datos personales son:<\/p><ul><li aria-level=\"1\"><b>A trav\u00e9s del formulario de nuestra p\u00e1gina web, a trav\u00e9s de nuestro email de contacto, por tel\u00e9fono o correo postal, cuando:<\/b><\/li><\/ul><ul><li><ul><li aria-level=\"2\">Solicite informaci\u00f3n sobre nuestros servicios<\/li><li aria-level=\"2\">Contrata la prestaci\u00f3n de nuestros servicios\u00a0<\/li><li aria-level=\"2\">Suscr\u00edbase a alguno de nuestros servicios o publicaciones<\/li><li aria-level=\"2\">Env\u00eda tus comentarios<\/li><\/ul><\/li><\/ul><p>Para asegurar la calidad de nuestro portal, tenemos que reservamos el\u00a0<b>derecho a rechazar cualquier solicitud de registro<\/b>\u00a0o bien de suspender o cancelar un registro previamente aceptado si entendemos que no cumple estos requisitos o cualquier otra ley o norma. Si esto ocurre, intentaremos exponer los motivos de nuestra decisi\u00f3n, pero no nos podemos comprometer a hacerlo en todos los casos.<\/p><ul><li aria-level=\"1\"><b>A trav\u00e9s de la tecnolog\u00eda o interacciones automatizadas<\/b>En nuestro sitio podemos recopilar autom\u00e1ticamente datos t\u00e9cnicos sobre su equipo, acciones de navegaci\u00f3n y patrones de uso. Estos datos son recopilados a trav\u00e9s de cookies o tecnolog\u00edas similares. Si quiere ampliar la informaci\u00f3n, puede consultar nuestra pol\u00edtica de cookies aqu\u00ed (<a href=\"https:\/\/web.archive.org\/web\/20251209100647\/https:\/\/bohoclub.com\/cookies-policy\">Pol\u00edtica de Cookies<\/a>)<\/li><\/ul><ul><li aria-level=\"1\"><b>A trav\u00e9s de terceros:<\/b><\/li><\/ul><ul><li><ul><li aria-level=\"2\"><b>Google:\u00a0<\/b>datos anal\u00edticos o datos de b\u00fasqueda. Fuera de la Uni\u00f3n Europea.<\/li><\/ul><\/li><\/ul><p>\u00a0<\/p><ol start=\"4\"><li><b>Finalidad y legitimidad para el uso de sus datos.\u00a0<\/b><\/li><\/ol><p>Los usos m\u00e1s comunes de sus datos personales son:<\/p><ul><li aria-level=\"1\">Para la formalizaci\u00f3n de un contrato entre The<b>\u00a0Bohoclub, S.L<\/b>\u00a0y usted.<\/li><li aria-level=\"1\">Cuando preste su consentimiento en el tratamiento de sus datos.<\/li><li aria-level=\"1\">Cuando los necesitemos para dar cumplimiento a una obligaci\u00f3n legal o reglamentaria.<\/li><li aria-level=\"1\">Cuando sea necesario para nuestro inter\u00e9s leg\u00edtimo o de un tercero.\u00a0<\/li><\/ul><p>El Usuario podr\u00e1 revocar el consentimiento prestado en cualquier momento enviando un correo a dataprotection@quartiersproperties.se o consultando el apartado de ejercicio de derechos m\u00e1s adelante.<\/p><p>A continuaci\u00f3n, adjuntamos una tabla en la que pueden consultar las formas en las que vamos a utilizar sus datos personales y la legitimidad para su uso, adem\u00e1s de saber qu\u00e9 tipo de datos personales vamos a tratar. Podemos procesar alg\u00fan dato personal por alg\u00fan motivo legal adicional, por lo que si necesita detalles al respecto puede enviar un correo electr\u00f3nico a dataprotection@quartiersproperties.se<\/p><p>electr\u00f3nico a dataprotection@quartiersproperties.se<\/p><table><tbody><tr><td><p><b>Formulario<\/b><\/p><\/td><td><p><b>Finalidad<\/b><\/p><\/td><td><p><b>Tipo de datos<\/b><\/p><\/td><td><p><b>Legitimidad para su tratamiento<\/b><\/p><\/td><\/tr><tr><td><p>Contacto<\/p><\/td><td><p>La finalidad es la gesti\u00f3n de contactos y solicitudes de informaci\u00f3n recibidas v\u00eda web<\/p><\/td><td><ul><li aria-level=\"1\">Nombre<\/li><li aria-level=\"1\">Correo electr\u00f3nico<\/li><li aria-level=\"1\">Tel\u00e9fono<\/li><\/ul><\/td><td><p>Consentimiento del interesado (art. 6.1.a RGPD)<\/p><br \/><p>Medidas precontractuales (art. 6.1.b RGPD)<\/p><p>Tratamiento es necesario para la satisfacci\u00f3n de intereses leg\u00edtimos perseguidos por el responsable del tratamiento (art. 6.1f RGPD)<\/p><\/td><\/tr><tr><td><br \/><p>Bolet\u00edn<\/p><\/td><td><p>La finalidad es la gesti\u00f3n de los datos proporcionados para el env\u00edo de informaci\u00f3n sobre nuestros servicios y promociones<\/p><\/td><td><ul><li aria-level=\"1\">Correo electr\u00f3nico<\/li><\/ul><\/td><td><p>Consentimiento del interesado (art. 6.1.a RGPD)<\/p><p>Medidas precontractuales (art. 6.1.b RGPD)<\/p><p>Tratamiento es necesario para la satisfacci\u00f3n de intereses leg\u00edtimos perseguidos por el responsable del tratamiento (art. 6.1f RGPD)<\/p><\/td><\/tr><tr><td><p>Trabaja con nosotros<\/p><\/td><td><p>Selecci\u00f3n de personal y provisi\u00f3n de puestos de trabajo<\/p><\/td><td><br \/><ul><li aria-level=\"1\">Nombre<\/li><li aria-level=\"1\">Apellidos<\/li><li aria-level=\"1\">Correo electr\u00f3nico<\/li><li aria-level=\"1\">Tel\u00e9fono<\/li><li aria-level=\"1\">DNI\/NIE\/Pasaporte<\/li><li aria-level=\"1\">Direcci\u00f3n<\/li><\/ul><\/td><td><p>Tratamiento necesario para la ejecuci\u00f3n de un contrato en el que el interesado es parte o para la aplicaci\u00f3n a petici\u00f3n de este de medidas precontractuales (art. 6.1b RGPD)<\/p><br \/><p>Tratamiento necesario para el cumplimiento de una obligaci\u00f3n legal aplicable al responsable del tratamiento (art. 6.1.c RGPD)<\/p><p>Real Decreto Legislativo 2\/2015, de 23 de octubre, por el que se aprueba el texto refundido de la Ley del Estatuto de los Trabajadores<\/p><\/td><\/tr><\/tbody><\/table><p><b>Comunicaciones comerciales<\/b>: s\u00f3lo recibir\u00e1 comunicaciones si\u00a0<\/p><ul><li aria-level=\"1\">Nos solicit\u00f3 informaci\u00f3n o realiz\u00f3 una contrataci\u00f3n con nosotros de nuestros servicios.<\/li><li aria-level=\"1\">Si nos proporcion\u00f3 sus datos, aceptando la casilla habilitada al respecto en nuestro formulario.\u00a0<\/li><li aria-level=\"1\">Siempre y cuando no haya manifestado su voluntad de dejar de recibir dichas comunicaciones.\u00a0<\/li><\/ul><p>Obtenemos su consentimiento expreso antes de mandarle cualquier comunicaci\u00f3n, pudiendo solicitar en cualquier momento que dejemos de mandarle comunicaciones en el email\u00a0\u00a0<a href=\"mailto:dataprotection@quartiersproperties.se\">dataprotection@quartiersproperties.se<\/a>.\u00a0<\/p><p>Cuando opte por dejar de recibir nuestras comunicaciones, sus datos personales seguir\u00e1n almacenados como resultado de la contrataci\u00f3n realizada por usted para ajustarnos a las exigencias legales.\u00a0<\/p><p><b>Finalidad<\/b>S\u00f3lo utilizaremos sus datos para los fines para los que los recopilamos, a menos que consideremos razonablemente que debemos usarlo para otro motivo, notific\u00e1ndoselo previamente para que est\u00e9 informado del motivo legal de su procesamiento y siempre y cuando el fin sea compatible con el prop\u00f3sito original.\u00a0<\/p><ol start=\"5\"><li><b>\u00bfDurante cu\u00e1nto tiempo conservaremos sus datos?<\/b><\/li><\/ol><p>Se conservar\u00e1n durante el tiempo necesario para cumplir con la finalidad para la que se recabaron y para determinar las posibles responsabilidades que se pudieran derivar de dicha finalidad y del tratamiento de los datos. Ser\u00e1 de aplicaci\u00f3n lo dispuesto en las diferentes normativas respecto al plazo de conservaci\u00f3n, en lo que resulte de aplicaci\u00f3n al presente tratamiento.<\/p><p><b>Datos de los suscriptores por e-mail o formulario<\/b>: Desde que el usuario se suscribe hasta que se da de baja.\u00a0<\/p><ol start=\"6\"><li><b>Menores de edad.<\/b><\/li><\/ol><p><b>El Bohoclub, S.L\u00a0<\/b>no autoriza a los\/las menores de 14 a\u00f1os a facilitar sus datos personales a trav\u00e9s de los medios habilitados en este sitio web (cumplimentaci\u00f3n de los formularios web para la solicitud de servicios, de contacto o mediante el env\u00edo de correos electr\u00f3nicos). Por tanto, las personas que faciliten datos personales utilizando dichos medios manifiestan formalmente ser mayores de 14 a\u00f1os quedando\u00a0<b>El Bohoclub, S.L<\/b>\u00a0eximido de cualquier responsabilidad por el incumplimiento de este requisito.<\/p><p>\u00a0\u00a0\u00a0<br \/>Si su hijo\/a de edad inferior al l\u00edmite de edad establecido, ha proporcionado informaci\u00f3n personal a\u00a0<b>El Bohoclub, S.L<\/b>, p\u00f3ngase en contacto para poder solicitar el ejercicio de sus derechos aplicables.<\/p><p>En aquellos casos en los que los servicios ofrecidos por\u00a0<b>El Bohoclub, S.L<\/b>\u00a0est\u00e9n destinados a menores de 14 a\u00f1os se habilitar\u00e1n los medios para recabar la autorizaci\u00f3n de los padres o tutores legales del\/de la menor<\/p><ol start=\"7\"><li><b>Ejercicio de los Derechos de Protecci\u00f3n de Datos:<\/b><\/li><\/ol><p><b>\u00bfC\u00f3mo ejercer dichos derechos?<\/b>\u00a0Los usuarios podr\u00e1n dirigir una comunicaci\u00f3n al domicilio social de\u00a0<b>El Bohoclub, S.L<\/b>\u00a0o direcci\u00f3n de correo electr\u00f3nico dataprotection@quartiersproperties.se, incluyendo en ambos casos fotocopia de su D.N.I u otro documento de identificaci\u00f3n similar, para solicitar el ejercicio de los siguientes derechos:<\/p><ul><li aria-level=\"1\"><b>Acceso<\/b>\u00a0a sus datos personales: podr\u00e1 preguntar a\u00a0<b>El Bohoclub, S.L<\/b>\u00a0s\u00ed est\u00e1 usando sus datos personales.<\/li><li aria-level=\"1\">A solicitar su\u00a0<b>rectificaci\u00f3n<\/b>, si no fuesen correctos, o a ejercer el\u00a0<b>derecho al olvido<\/b>\u00a0con respecto a los mismos.<\/li><li aria-level=\"1\">A solicitar la\u00a0<b>limitaci\u00f3n del tratamiento<\/b>, en este caso, solo ser\u00e1n conservados por The<b>\u00a0Bohoclub, S.L<\/b>\u00a0para el ejercicio o defensa de reclamaciones<\/li><li aria-level=\"1\">A\u00a0<b>oponerse<\/b>\u00a0a su tratamiento:\u00a0<b>El Bohoclub, S.L<\/b>\u00a0dejar\u00e1 tratar los datos en la forma que nos indiques, salvo que por motivos leg\u00edtimos o para el ejercicio o defensa de posibles reclamaciones, estos deban seguir trat\u00e1ndose.<\/li><li aria-level=\"1\">A la\u00a0<b>portabilidad\u00a0<\/b>de los datos: en caso de que quieras que sus datos sean tratados por otra firma,\u00a0<b>El Bohoclub, S.L<\/b>, le facilitar\u00e1 la portabilidad de sus datos al nuevo responsable.\u00a0<\/li><\/ul><p>Podr\u00e1 utilizar los modelos puestos a su disposici\u00f3n por la Agencia Espa\u00f1ola de Protecci\u00f3n de Datos, para ejercer sus anteriores derechos:\u00a0<a href=\"https:\/\/web.archive.org\/web\/20251209100647\/https:\/\/www.aepd.es\/reglamento\/derechos\/index.html\">Aqu\u00ed\u00a0<\/a><\/p><p>Reclamar ante la AEPD: si considera que hay un problema con la forma en que \u00a0\u00a0<b>El Bohoclub, S.L<\/b>\u00a0est\u00e1 tratando sus datos, podr\u00e1 dirigir sus reclamaciones a la autoridad de control correspondiente, siendo en Espa\u00f1a, la competente para ello:\u00a0<a href=\"https:\/\/web.archive.org\/web\/20251209100647\/https:\/\/sedeagpd.gob.es\/sede-electronica-web\/vistas\/formNuevaReclamacion\/solicitudReclamacion.jsf;jsessionid=5085E2038B4210818633610065963C3E\">Agencia Espa\u00f1ola de Protecci\u00f3n de Datos.<\/a><\/p><p>Le solicitaremos informaci\u00f3n espec\u00edfica para ayudarnos a confirmar su identidad y garantizar su derecho a acceder a sus datos personales (o ejercer cualquier otro de los derechos mencionados anteriormente). Esto es una medida de seguridad para garantizar que los datos personales no se revelen a ninguna persona que no tenga derecho a recibirlos.\u00a0<\/p><p>Todas las solicitudes las solventaremos en el plazo legal indicado de un mes. No obstante, puede llevarnos m\u00e1s de un mes si su solicitud es particularmente compleja. En este caso, le notificaremos y le mantendremos actualizado.\u00a0<\/p><ol start=\"8\"><li><b>Comunicaci\u00f3n de datos: prestaci\u00f3n de servicios.<\/b><\/li><\/ol><p>Es posible que, en el desempe\u00f1o de nuestro trabajo, necesitemos de la ayuda de terceros, que solo trataran los datos para prestar el servicio contratado, y con los que disponemos de las correspondientes medidas para garantizar sus derechos:<\/p><ul><li aria-level=\"1\">Proveedores de servicios que brindan servicios de administraci\u00f3n de sistemas y tecnolog\u00eda de la informaci\u00f3n.<\/li><li aria-level=\"1\">Asesores profesionales que incluyen abogados, auditores y aseguradores que brindan servicios de consultor\u00eda bancaria, legal, de seguros y de contabilidad<\/li><\/ul><p>Todos los encargados de tratamiento a quienes transferimos sus datos respetar\u00e1n la seguridad de sus datos personales y los tratar\u00e1n de acuerdo al RGPD.\u00a0<\/p><p>Solo permitimos que dichos encargados traten sus datos para fines determinados y de conformidad con nuestras instrucciones. No obstante, puede solicitarnos, en cumplimiento de la transparencia un listado de quienes son estas empresas que nos prestan servicios, puede hacerlo al email: dataprotection@quartiersproperties.se<\/p><p>9<b>. Seguridad de Datos.<\/b><\/p><p>Hemos implementado las medidas de seguridad adecuadas para evitar que sus datos personales se pierdan accidentalmente, se usen o accedan de forma no autorizada, se modifiquen o divulguen. Adem\u00e1s, limitamos el acceso a sus datos personales a aquellos empleados, agentes contratistas y otros terceros que tengan una necesidad comercial de conocer dichos datos. Solo procesar\u00e1n sus datos personales seg\u00fan nuestras instrucciones y estar\u00e1n sujetos a un deber de confidencialidad.\u00a0<\/p><p>Hemos implementado procedimientos para tratar cualquier sospecha de violaci\u00f3n de sus datos personales y se lo notificaremos a usted y a la Autoridad de Control en caso de que ocurriera, tal como queda regulado en el RGPD en sus art\u00edculos 33 y 34, una brecha de seguridad.\u00a0<\/p>\t\t\t\t\t\t\t\t<\/div>\n\t\t\t\t\t<\/div>\n\t\t\t\t<\/div>\n\t\t\t\t<\/div>","protected":false},"excerpt":{"rendered":"<p>Privacy Policy Last updated: May 4, 2026 Pol\u00edtica de Privacidad Este texto legal le da detalles de c\u00f3mo recopilamos y procesamos sus datos personales a trav\u00e9s del uso de nuestro sitio web\u00a0https:\/\/www.bohoclub.com.\u00a0 incluyendo cualquier informaci\u00f3n que pueda proporcionarnos a trav\u00e9s del sitio cuando realiza la contrataci\u00f3n de nuestros servicios, se registra a nuestro bolet\u00edn informativo [&hellip;]<\/p>\n","protected":false},"author":1,"featured_media":0,"parent":0,"menu_order":0,"comment_status":"closed","ping_status":"closed","template":"elementor_header_footer","meta":{"_acf_changed":false,"content-type":"","footnotes":""},"class_list":["post-1792","page","type-page","status-publish","hentry"],"acf":[],"yoast_head":"<!-- This site is optimized with the Yoast SEO plugin v27.5 - https:\/\/yoast.com\/product\/yoast-seo-wordpress\/ -->\n<title>Privacy Policy - Boho Club<\/title>\n<meta name=\"robots\" content=\"index, follow, max-snippet:-1, max-image-preview:large, max-video-preview:-1\" \/>\n<link rel=\"canonical\" href=\"https:\/\/bohoclub.com\/es\/politica-de-privacidad\/\" \/>\n<meta property=\"og:locale\" content=\"es_ES\" \/>\n<meta property=\"og:type\" content=\"article\" \/>\n<meta property=\"og:title\" content=\"Privacy Policy - Boho Club\" \/>\n<meta property=\"og:description\" content=\"Privacy Policy Last updated: May 4, 2026 Pol\u00edtica de Privacidad Este texto legal le da detalles de c\u00f3mo recopilamos y procesamos sus datos personales a trav\u00e9s del uso de nuestro sitio web\u00a0https:\/\/www.bohoclub.com.\u00a0 incluyendo cualquier informaci\u00f3n que pueda proporcionarnos a trav\u00e9s del sitio cuando realiza la contrataci\u00f3n de nuestros servicios, se registra a nuestro bolet\u00edn informativo [&hellip;]\" \/>\n<meta property=\"og:url\" content=\"https:\/\/bohoclub.com\/es\/politica-de-privacidad\/\" \/>\n<meta property=\"og:site_name\" content=\"Boho Club\" \/>\n<meta property=\"article:modified_time\" content=\"2026-05-04T15:08:13+00:00\" \/>\n<meta name=\"twitter:card\" content=\"summary_large_image\" \/>\n<meta name=\"twitter:label1\" content=\"Tiempo de lectura\" \/>\n\t<meta name=\"twitter:data1\" content=\"9 minutos\" \/>\n<script type=\"application\/ld+json\" class=\"yoast-schema-graph\">{\"@context\":\"https:\\\/\\\/schema.org\",\"@graph\":[{\"@type\":\"WebPage\",\"@id\":\"https:\\\/\\\/bohoclub.com\\\/privacy-policy\\\/\",\"url\":\"https:\\\/\\\/bohoclub.com\\\/privacy-policy\\\/\",\"name\":\"Privacy Policy - Boho Club\",\"isPartOf\":{\"@id\":\"https:\\\/\\\/bohoclub.com\\\/#website\"},\"datePublished\":\"2026-03-11T18:24:16+00:00\",\"dateModified\":\"2026-05-04T15:08:13+00:00\",\"breadcrumb\":{\"@id\":\"https:\\\/\\\/bohoclub.com\\\/privacy-policy\\\/#breadcrumb\"},\"inLanguage\":\"es\",\"potentialAction\":[{\"@type\":\"ReadAction\",\"target\":[\"https:\\\/\\\/bohoclub.com\\\/privacy-policy\\\/\"]}]},{\"@type\":\"BreadcrumbList\",\"@id\":\"https:\\\/\\\/bohoclub.com\\\/privacy-policy\\\/#breadcrumb\",\"itemListElement\":[{\"@type\":\"ListItem\",\"position\":1,\"name\":\"Home\",\"item\":\"https:\\\/\\\/bohoclub.com\\\/\"},{\"@type\":\"ListItem\",\"position\":2,\"name\":\"Privacy Policy\"}]},{\"@type\":\"WebSite\",\"@id\":\"https:\\\/\\\/bohoclub.com\\\/#website\",\"url\":\"https:\\\/\\\/bohoclub.com\\\/\",\"name\":\"Boho Club\",\"description\":\"\",\"publisher\":{\"@id\":\"https:\\\/\\\/bohoclub.com\\\/#organization\"},\"potentialAction\":[{\"@type\":\"SearchAction\",\"target\":{\"@type\":\"EntryPoint\",\"urlTemplate\":\"https:\\\/\\\/bohoclub.com\\\/?s={search_term_string}\"},\"query-input\":{\"@type\":\"PropertyValueSpecification\",\"valueRequired\":true,\"valueName\":\"search_term_string\"}}],\"inLanguage\":\"es\"},{\"@type\":\"Organization\",\"@id\":\"https:\\\/\\\/bohoclub.com\\\/#organization\",\"name\":\"Boho Club\",\"url\":\"https:\\\/\\\/bohoclub.com\\\/\",\"logo\":{\"@type\":\"ImageObject\",\"inLanguage\":\"es\",\"@id\":\"https:\\\/\\\/bohoclub.com\\\/#\\\/schema\\\/logo\\\/image\\\/\",\"url\":\"https:\\\/\\\/bohoclub.com\\\/wp-content\\\/uploads\\\/2026\\\/02\\\/logo-white-DScxi5GP.png\",\"contentUrl\":\"https:\\\/\\\/bohoclub.com\\\/wp-content\\\/uploads\\\/2026\\\/02\\\/logo-white-DScxi5GP.png\",\"width\":714,\"height\":93,\"caption\":\"Boho Club\"},\"image\":{\"@id\":\"https:\\\/\\\/bohoclub.com\\\/#\\\/schema\\\/logo\\\/image\\\/\"}}]}<\/script>\n<!-- \/ Yoast SEO plugin. -->","yoast_head_json":{"title":"Pol\u00edtica de privacidad - Boho Club","robots":{"index":"index","follow":"follow","max-snippet":"max-snippet:-1","max-image-preview":"max-image-preview:large","max-video-preview":"max-video-preview:-1"},"canonical":"https:\/\/bohoclub.com\/es\/politica-de-privacidad\/","og_locale":"es_ES","og_type":"article","og_title":"Privacy Policy - Boho Club","og_description":"Privacy Policy Last updated: May 4, 2026 Pol\u00edtica de Privacidad Este texto legal le da detalles de c\u00f3mo recopilamos y procesamos sus datos personales a trav\u00e9s del uso de nuestro sitio web\u00a0https:\/\/www.bohoclub.com.\u00a0 incluyendo cualquier informaci\u00f3n que pueda proporcionarnos a trav\u00e9s del sitio cuando realiza la contrataci\u00f3n de nuestros servicios, se registra a nuestro bolet\u00edn informativo [&hellip;]","og_url":"https:\/\/bohoclub.com\/es\/politica-de-privacidad\/","og_site_name":"Boho Club","article_modified_time":"2026-05-04T15:08:13+00:00","twitter_card":"summary_large_image","twitter_misc":{"Tiempo de lectura":"9 minutos"},"schema":{"@context":"https:\/\/schema.org","@graph":[{"@type":"WebPage","@id":"https:\/\/bohoclub.com\/privacy-policy\/","url":"https:\/\/bohoclub.com\/privacy-policy\/","name":"Pol\u00edtica de privacidad - Boho Club","isPartOf":{"@id":"https:\/\/bohoclub.com\/#website"},"datePublished":"2026-03-11T18:24:16+00:00","dateModified":"2026-05-04T15:08:13+00:00","breadcrumb":{"@id":"https:\/\/bohoclub.com\/privacy-policy\/#breadcrumb"},"inLanguage":"es","potentialAction":[{"@type":"ReadAction","target":["https:\/\/bohoclub.com\/privacy-policy\/"]}]},{"@type":"BreadcrumbList","@id":"https:\/\/bohoclub.com\/privacy-policy\/#breadcrumb","itemListElement":[{"@type":"ListItem","position":1,"name":"Home","item":"https:\/\/bohoclub.com\/"},{"@type":"ListItem","position":2,"name":"Privacy Policy"}]},{"@type":"WebSite","@id":"https:\/\/bohoclub.com\/#website","url":"https:\/\/bohoclub.com\/","name":"Boho Club","description":"","publisher":{"@id":"https:\/\/bohoclub.com\/#organization"},"potentialAction":[{"@type":"SearchAction","target":{"@type":"EntryPoint","urlTemplate":"https:\/\/bohoclub.com\/?s={search_term_string}"},"query-input":{"@type":"PropertyValueSpecification","valueRequired":true,"valueName":"search_term_string"}}],"inLanguage":"es"},{"@type":"Organization","@id":"https:\/\/bohoclub.com\/#organization","name":"Boho Club","url":"https:\/\/bohoclub.com\/","logo":{"@type":"ImageObject","inLanguage":"es","@id":"https:\/\/bohoclub.com\/#\/schema\/logo\/image\/","url":"https:\/\/bohoclub.com\/wp-content\/uploads\/2026\/02\/logo-white-DScxi5GP.png","contentUrl":"https:\/\/bohoclub.com\/wp-content\/uploads\/2026\/02\/logo-white-DScxi5GP.png","width":714,"height":93,"caption":"Boho Club"},"image":{"@id":"https:\/\/bohoclub.com\/#\/schema\/logo\/image\/"}}]}},"_links":{"self":[{"href":"https:\/\/bohoclub.com\/es\/wp-json\/wp\/v2\/pages\/1792","targetHints":{"allow":["GET"]}}],"collection":[{"href":"https:\/\/bohoclub.com\/es\/wp-json\/wp\/v2\/pages"}],"about":[{"href":"https:\/\/bohoclub.com\/es\/wp-json\/wp\/v2\/types\/page"}],"author":[{"embeddable":true,"href":"https:\/\/bohoclub.com\/es\/wp-json\/wp\/v2\/users\/1"}],"replies":[{"embeddable":true,"href":"https:\/\/bohoclub.com\/es\/wp-json\/wp\/v2\/comments?post=1792"}],"version-history":[{"count":7,"href":"https:\/\/bohoclub.com\/es\/wp-json\/wp\/v2\/pages\/1792\/revisions"}],"predecessor-version":[{"id":3005,"href":"https:\/\/bohoclub.com\/es\/wp-json\/wp\/v2\/pages\/1792\/revisions\/3005"}],"wp:attachment":[{"href":"https:\/\/bohoclub.com\/es\/wp-json\/wp\/v2\/media?parent=1792"}],"curies":[{"name":"wp","href":"https:\/\/api.w.org\/{rel}","templated":true}]}}