{"id":3283,"date":"2025-01-04T15:57:27","date_gmt":"2025-01-04T14:57:27","guid":{"rendered":"https:\/\/bohoclub.com\/ashiana\/clases"},"modified":"2026-01-03T13:13:44","modified_gmt":"2026-01-03T12:13:44","slug":"clases","status":"publish","type":"page","link":"https:\/\/bohoclub.com\/wellness\/es\/clases","title":{"rendered":"Clases"},"content":{"rendered":"<!--themify_builder_content-->\n<div id=\"themify_builder_content-3283\" data-postid=\"3283\" class=\"themify_builder_content themify_builder_content-3283 themify_builder tf_clear\">\n                    <div  data-css_id=\"hswv114\" data-lazy=\"1\" class=\"module_row themify_builder_row fullheight fullwidth tb_hswv114 tb_first tf_w\">\n            <span  class=\"builder_row_cover tf_abs\" data-lazy=\"1\"><\/span>            <span class=\"tf_hide row-slider tb_slider tf_abs\" data-bgmode=\"kenburns-effect\" data-sliderspeed=\"2000\">\n                <span class=\"tf_abs row-slider-slides tf_w tf_hidden tf_clearfix\">\n                                <span data-bg=\"https:\/\/bohoclub.com\/wellness\/wp-content\/uploads\/2025\/01\/ashiana-fitness-yoga.jpg\">\n                        <a href=\"javascript:;\" rel=\"nofollow\" class=\"row-slider-dot\" data-index=\"0\"><span class=\"screen-reader-text\">&bull;<\/span><\/a>\n                    <\/span>\n                                    <span data-bg=\"https:\/\/bohoclub.com\/wellness\/wp-content\/uploads\/2025\/01\/ashiana-spiritual.jpg\">\n                        <a href=\"javascript:;\" rel=\"nofollow\" class=\"row-slider-dot\" data-index=\"1\"><span class=\"screen-reader-text\">&bull;<\/span><\/a>\n                    <\/span>\n                                <\/span>\n                <span class=\"row-slider-nav tf_abs_t tf_w\">\n                    <a href=\"javascript:;\" rel=\"nofollow\" class=\"row-slider-arrow row-slider-prev tf_hidden tf_abs_t\"><span class=\"screen-reader-text\">&larr;<\/span><\/a>\n                    <a href=\"javascript:;\" rel=\"nofollow\" class=\"row-slider-arrow row-slider-next tf_hidden tf_abs_t\"><span class=\"screen-reader-text\">&rarr;<\/span><\/a>\n                <\/span>\n            <\/span>\n                        <div class=\"row_inner col_align_top tb_col_count_1 tf_box tf_rel\">\n                        <div  data-lazy=\"1\" class=\"module_column tb-column col-full tb_wmjd114 first\">\n                    <!-- module fancy heading -->\n<div  class=\"module module-fancy-heading tb_gsna966 h1-title-ashiana tb_hide_divider\" data-lazy=\"1\">\n        <h1 class=\"fancy-heading tf_textc\">\n    <span class=\"main-head tf_block\">\n                    BIENESTAR            <\/span>\n\n    \n    <span class=\"sub-head tf_block tf_rel\">\n                    en Boho Wellness            <\/span>\n    <\/h1>\n<\/div>\n<!-- \/module fancy heading -->\n<!-- module text -->\n<div  class=\"module module-text tb_vlg4574 header-text-ashiana  \" data-lazy=\"1\">\n        <div  class=\"tb_text_wrap\">\n        Yoga diario, trabajo semanal de respiraci\u00f3n y experiencias transformadoras de bienestar    <\/div>\n<\/div>\n<!-- \/module text --><!-- module buttons -->\n<div  class=\"module module-buttons tb_h0hg114 buttons-horizontal transparent header-button-ashiana small squared\" data-lazy=\"1\">\n        <div class=\"module-buttons-item tf_in_flx\">\n                        <a href=\"https:\/\/bohoclub.com\/ashiana\/book-classes\" class=\"ui builder_button tf_in_flx tb_default_color\" >\n                                                Reserva tu clase                                        <\/a>\n                <\/div>\n            <\/div>\n<!-- \/module buttons -->\n        <\/div>\n                        <\/div>\n        <\/div>\n                        <div  data-css_id=\"88e0395\" data-lazy=\"1\" class=\"module_row themify_builder_row fullwidth_row_container tb_88e0395 tf_w\">\n                        <div class=\"row_inner col_align_top tb_col_count_3 tf_box tf_rel\">\n                        <div  data-lazy=\"1\" class=\"module_column tb-column col3-1 tb_8zah395 first\">\n                            <\/div>\n                    <div  data-lazy=\"1\" class=\"module_column tb-column col3-1 tb_6u03395\">\n                    <!-- module fancy heading -->\n<div  class=\"module module-fancy-heading tb_t1ho850 h2-title-ashiana tb_hide_divider\" data-lazy=\"1\">\n        <h2 class=\"fancy-heading tf_textc\">\n    <span class=\"main-head tf_block\">\n                    BIENESTAR EN            <\/span>\n\n    \n    <span class=\"sub-head tf_block tf_rel\">\n                    Boho Wellness            <\/span>\n    <\/h2>\n<\/div>\n<!-- \/module fancy heading -->\n<!-- module text -->\n<div  class=\"module module-text tb_qe3o114   \" data-lazy=\"1\">\n        <div  class=\"tb_text_wrap\">\n        Disfruta de clases y eventos diarios, semanales y mensuales dise\u00f1ados para nutrir tu cuerpo, mente y alma. Empieza el d\u00eda con yoga todas las ma\u00f1anas a las 9:00, y profundiza en tu pr\u00e1ctica con sesiones de trabajo respiratorio todos los viernes a las 11:00. Desde meditaci\u00f3n hasta inspiradores talleres semanales y eventos exclusivos de bienestar, nuestro tranquilo espacio ofrece algo para todos. \u00danete a nosotros y abraza el equilibrio en el coraz\u00f3n de Marbella.       <\/div>\n<\/div>\n<!-- \/module text --><!-- module buttons -->\n<div  class=\"module module-buttons tb_slno888 buttons-horizontal transparent customButton small squared\" data-lazy=\"1\">\n        <div class=\"module-buttons-item tf_in_flx\">\n                        <a href=\"https:\/\/bohoclub.com\/ashiana\/classes-schedule\" class=\"ui builder_button tf_in_flx tb_default_color\" >\n                                                VER PROGRAMA                                        <\/a>\n                <\/div>\n            <\/div>\n<!-- \/module buttons -->\n        <\/div>\n                    <div  data-lazy=\"1\" class=\"module_column tb-column col3-1 tb_5vx4395 last\">\n                            <\/div>\n                        <\/div>\n        <\/div>\n                        <div  data-css_id=\"jurv740\" data-lazy=\"1\" class=\"module_row themify_builder_row fullwidth tb_jurv740 tf_w\">\n                        <div class=\"row_inner col_align_top tb_col_count_1 tf_box tf_rel\">\n                        <div  data-lazy=\"1\" class=\"module_column tb-column col-full tb_cqbh740 columnOverlayAshianaWhite first\">\n                    <!-- module fancy heading -->\n<div  class=\"module module-fancy-heading tb_hsbj972 h2-title-ashiana tb_hide_divider\" data-lazy=\"1\">\n        <h2 class=\"fancy-heading tf_textc\">\n    <span class=\"main-head tf_block\">\n                    BOHO WELLNESS            <\/span>\n\n    \n    <span class=\"sub-head tf_block tf_rel\">\n                    Mi\u00e9rcoles de bienestar            <\/span>\n    <\/h2>\n<\/div>\n<!-- \/module fancy heading -->\n<!-- module text -->\n<div  class=\"module module-text tb_auw4508   \" data-lazy=\"1\">\n        <div  class=\"tb_text_wrap\">\n        <p>\u00danete a nosotros todos los mi\u00e9rcoles para una velada dedicada al crecimiento, la conexi\u00f3n y el bienestar. Cada semana, un invitado especial organiza una charla o pr\u00e1ctica transformadora, que abarca temas inspiradores de bienestar para ayudarnos a vivir vidas m\u00e1s sanas y felices. Juntos, apoyamos el viaje de nuestra comunidad para aprender, crecer y prosperar. No te pierdas esta oportunidad de recargar pilas y conectar en un espacio acogedor.<\/p>\n<p>Wellness Wednesday se celebra con una sesi\u00f3n especial en julio y otra en agosto. A partir de septiembre, pasar\u00e1 a realizarse de forma regular cada semana.<\/p>    <\/div>\n<\/div>\n<!-- \/module text --><!-- module buttons -->\n<div  class=\"module module-buttons tb_oqs6184 buttons-horizontal transparent customButton small squared\" data-lazy=\"1\">\n        <div class=\"module-buttons-item tf_in_flx\">\n                        <a href=\"https:\/\/bohoclub.com\/ashiana\/book-wellness-wednesday\" class=\"ui builder_button tf_in_flx tb_default_color\" >\n                                                RESERVA NUESTRO PR\u00d3XIMO<\/br>MI\u00c9RCOLES BIENESTAR                                        <\/a>\n                <\/div>\n            <\/div>\n<!-- \/module buttons -->\n        <\/div>\n                        <\/div>\n        <\/div>\n        <\/div>\n<!--\/themify_builder_content-->","protected":false},"excerpt":{"rendered":"<p>BIENESTARen Boho Wellness Yoga diario, trabajo semanal de respiraci\u00f3n y experiencias transformadoras de bienestar Reserva tu clase BIENESTAR ENBoho Wellness Disfruta de clases y eventos diarios, semanales y mensuales dise\u00f1ados para nutrir tu cuerpo, mente y alma. Empieza el d\u00eda con yoga todas las ma\u00f1anas a las 9:00, y profundiza en tu pr\u00e1ctica con sesiones [&hellip;]<\/p>\n","protected":false},"author":1,"featured_media":0,"parent":0,"menu_order":0,"comment_status":"closed","ping_status":"closed","template":"","meta":{"footnotes":""},"class_list":["post-3283","page","type-page","status-publish","hentry","has-post-title","has-post-date","has-post-category","has-post-tag","has-post-comment","has-post-author",""],"yoast_head":"<!-- This site is optimized with the Yoast SEO plugin v27.3 - https:\/\/yoast.com\/product\/yoast-seo-wordpress\/ -->\n<title>Clases | Boho Wellness<\/title>\n<meta name=\"robots\" content=\"index, follow, max-snippet:-1, max-image-preview:large, max-video-preview:-1\" \/>\n<link rel=\"canonical\" href=\"https:\/\/bohoclub.com\/wellness\/es\/clases\" \/>\n<meta property=\"og:locale\" content=\"es_ES\" \/>\n<meta property=\"og:type\" content=\"article\" \/>\n<meta property=\"og:title\" content=\"Clases | Boho Wellness\" \/>\n<meta property=\"og:description\" content=\"BIENESTARen Boho Wellness Yoga diario, trabajo semanal de respiraci\u00f3n y experiencias transformadoras de bienestar Reserva tu clase BIENESTAR ENBoho Wellness Disfruta de clases y eventos diarios, semanales y mensuales dise\u00f1ados para nutrir tu cuerpo, mente y alma. Empieza el d\u00eda con yoga todas las ma\u00f1anas a las 9:00, y profundiza en tu pr\u00e1ctica con sesiones [&hellip;]\" \/>\n<meta property=\"og:url\" content=\"https:\/\/bohoclub.com\/wellness\/es\/clases\" \/>\n<meta property=\"og:site_name\" content=\"Boho Wellness\" \/>\n<meta property=\"article:modified_time\" content=\"2026-01-03T12:13:44+00:00\" \/>\n<meta property=\"og:image\" content=\"https:\/\/bohoclub.com\/wellness\/wp-content\/uploads\/2025\/02\/Grand-Treatment-960.jpg\" \/>\n\t<meta property=\"og:image:width\" content=\"960\" \/>\n\t<meta property=\"og:image:height\" content=\"1200\" \/>\n\t<meta property=\"og:image:type\" content=\"image\/jpeg\" \/>\n<meta name=\"twitter:card\" content=\"summary_large_image\" \/>\n<meta name=\"twitter:label1\" content=\"Tiempo de lectura\" \/>\n\t<meta name=\"twitter:data1\" content=\"1 minuto\" \/>\n<script type=\"application\/ld+json\" class=\"yoast-schema-graph\">{\"@context\":\"https:\\\/\\\/schema.org\",\"@graph\":[{\"@type\":\"WebPage\",\"@id\":\"https:\\\/\\\/bohoclub.com\\\/wellness\\\/es\\\/clases\",\"url\":\"https:\\\/\\\/bohoclub.com\\\/wellness\\\/es\\\/clases\",\"name\":\"Clases | Boho Wellness\",\"isPartOf\":{\"@id\":\"https:\\\/\\\/bohoclub.com\\\/wellness\\\/es#website\"},\"datePublished\":\"2025-01-04T14:57:27+00:00\",\"dateModified\":\"2026-01-03T12:13:44+00:00\",\"breadcrumb\":{\"@id\":\"https:\\\/\\\/bohoclub.com\\\/wellness\\\/es\\\/clases#breadcrumb\"},\"inLanguage\":\"es\",\"potentialAction\":[{\"@type\":\"ReadAction\",\"target\":[\"https:\\\/\\\/bohoclub.com\\\/wellness\\\/es\\\/clases\"]}]},{\"@type\":\"BreadcrumbList\",\"@id\":\"https:\\\/\\\/bohoclub.com\\\/wellness\\\/es\\\/clases#breadcrumb\",\"itemListElement\":[{\"@type\":\"ListItem\",\"position\":1,\"name\":\"Home\",\"item\":\"https:\\\/\\\/bohoclub.com\\\/wellness\\\/es\"},{\"@type\":\"ListItem\",\"position\":2,\"name\":\"Clases\"}]},{\"@type\":\"WebSite\",\"@id\":\"https:\\\/\\\/bohoclub.com\\\/wellness\\\/es#website\",\"url\":\"https:\\\/\\\/bohoclub.com\\\/wellness\\\/es\",\"name\":\"Ashiana Holistic Wellness Center\",\"description\":\"\",\"publisher\":{\"@id\":\"https:\\\/\\\/bohoclub.com\\\/wellness\\\/es#organization\"},\"alternateName\":\"Ashiana Wellness\",\"potentialAction\":[{\"@type\":\"SearchAction\",\"target\":{\"@type\":\"EntryPoint\",\"urlTemplate\":\"https:\\\/\\\/bohoclub.com\\\/wellness\\\/es?s={search_term_string}\"},\"query-input\":{\"@type\":\"PropertyValueSpecification\",\"valueRequired\":true,\"valueName\":\"search_term_string\"}}],\"inLanguage\":\"es\"},{\"@type\":\"Organization\",\"@id\":\"https:\\\/\\\/bohoclub.com\\\/wellness\\\/es#organization\",\"name\":\"Ashiana Holistic Wellness Center\",\"url\":\"https:\\\/\\\/bohoclub.com\\\/wellness\\\/es\",\"logo\":{\"@type\":\"ImageObject\",\"inLanguage\":\"es\",\"@id\":\"https:\\\/\\\/bohoclub.com\\\/wellness\\\/es#\\\/schema\\\/logo\\\/image\\\/\",\"url\":\"https:\\\/\\\/bohoclub.com\\\/ashiana\\\/wp-content\\\/uploads\\\/2025\\\/01\\\/ASHIANA-LOGO-COMPLETO-1024x425-1.png\",\"contentUrl\":\"https:\\\/\\\/bohoclub.com\\\/ashiana\\\/wp-content\\\/uploads\\\/2025\\\/01\\\/ASHIANA-LOGO-COMPLETO-1024x425-1.png\",\"width\":300,\"height\":125,\"caption\":\"Ashiana Holistic Wellness Center\"},\"image\":{\"@id\":\"https:\\\/\\\/bohoclub.com\\\/wellness\\\/es#\\\/schema\\\/logo\\\/image\\\/\"},\"sameAs\":[\"https:\\\/\\\/www.instagram.com\\\/ashiana.byboho\\\/\"]}]}<\/script>\n<!-- \/ Yoast SEO plugin. -->","yoast_head_json":{"title":"Clases | Boho Wellness","robots":{"index":"index","follow":"follow","max-snippet":"max-snippet:-1","max-image-preview":"max-image-preview:large","max-video-preview":"max-video-preview:-1"},"canonical":"https:\/\/bohoclub.com\/wellness\/es\/clases","og_locale":"es_ES","og_type":"article","og_title":"Clases | Boho Wellness","og_description":"BIENESTARen Boho Wellness Yoga diario, trabajo semanal de respiraci\u00f3n y experiencias transformadoras de bienestar Reserva tu clase BIENESTAR ENBoho Wellness Disfruta de clases y eventos diarios, semanales y mensuales dise\u00f1ados para nutrir tu cuerpo, mente y alma. Empieza el d\u00eda con yoga todas las ma\u00f1anas a las 9:00, y profundiza en tu pr\u00e1ctica con sesiones [&hellip;]","og_url":"https:\/\/bohoclub.com\/wellness\/es\/clases","og_site_name":"Boho Wellness","article_modified_time":"2026-01-03T12:13:44+00:00","og_image":[{"width":960,"height":1200,"url":"https:\/\/bohoclub.com\/wellness\/wp-content\/uploads\/2025\/02\/Grand-Treatment-960.jpg","type":"image\/jpeg"}],"twitter_card":"summary_large_image","twitter_misc":{"Tiempo de lectura":"1 minuto"},"schema":{"@context":"https:\/\/schema.org","@graph":[{"@type":"WebPage","@id":"https:\/\/bohoclub.com\/wellness\/es\/clases","url":"https:\/\/bohoclub.com\/wellness\/es\/clases","name":"Clases | Boho Wellness","isPartOf":{"@id":"https:\/\/bohoclub.com\/wellness\/es#website"},"datePublished":"2025-01-04T14:57:27+00:00","dateModified":"2026-01-03T12:13:44+00:00","breadcrumb":{"@id":"https:\/\/bohoclub.com\/wellness\/es\/clases#breadcrumb"},"inLanguage":"es","potentialAction":[{"@type":"ReadAction","target":["https:\/\/bohoclub.com\/wellness\/es\/clases"]}]},{"@type":"BreadcrumbList","@id":"https:\/\/bohoclub.com\/wellness\/es\/clases#breadcrumb","itemListElement":[{"@type":"ListItem","position":1,"name":"Home","item":"https:\/\/bohoclub.com\/wellness\/es"},{"@type":"ListItem","position":2,"name":"Clases"}]},{"@type":"WebSite","@id":"https:\/\/bohoclub.com\/wellness\/es#website","url":"https:\/\/bohoclub.com\/wellness\/es","name":"Ashiana Holistic Wellness Center","description":"","publisher":{"@id":"https:\/\/bohoclub.com\/wellness\/es#organization"},"alternateName":"Ashiana Wellness","potentialAction":[{"@type":"SearchAction","target":{"@type":"EntryPoint","urlTemplate":"https:\/\/bohoclub.com\/wellness\/es?s={search_term_string}"},"query-input":{"@type":"PropertyValueSpecification","valueRequired":true,"valueName":"search_term_string"}}],"inLanguage":"es"},{"@type":"Organization","@id":"https:\/\/bohoclub.com\/wellness\/es#organization","name":"Ashiana Holistic Wellness Center","url":"https:\/\/bohoclub.com\/wellness\/es","logo":{"@type":"ImageObject","inLanguage":"es","@id":"https:\/\/bohoclub.com\/wellness\/es#\/schema\/logo\/image\/","url":"https:\/\/bohoclub.com\/ashiana\/wp-content\/uploads\/2025\/01\/ASHIANA-LOGO-COMPLETO-1024x425-1.png","contentUrl":"https:\/\/bohoclub.com\/ashiana\/wp-content\/uploads\/2025\/01\/ASHIANA-LOGO-COMPLETO-1024x425-1.png","width":300,"height":125,"caption":"Ashiana Holistic Wellness Center"},"image":{"@id":"https:\/\/bohoclub.com\/wellness\/es#\/schema\/logo\/image\/"},"sameAs":["https:\/\/www.instagram.com\/ashiana.byboho\/"]}]}},"_links":{"self":[{"href":"https:\/\/bohoclub.com\/wellness\/es\/wp-json\/wp\/v2\/pages\/3283","targetHints":{"allow":["GET"]}}],"collection":[{"href":"https:\/\/bohoclub.com\/wellness\/es\/wp-json\/wp\/v2\/pages"}],"about":[{"href":"https:\/\/bohoclub.com\/wellness\/es\/wp-json\/wp\/v2\/types\/page"}],"author":[{"embeddable":true,"href":"https:\/\/bohoclub.com\/wellness\/es\/wp-json\/wp\/v2\/users\/1"}],"replies":[{"embeddable":true,"href":"https:\/\/bohoclub.com\/wellness\/es\/wp-json\/wp\/v2\/comments?post=3283"}],"version-history":[{"count":12,"href":"https:\/\/bohoclub.com\/wellness\/es\/wp-json\/wp\/v2\/pages\/3283\/revisions"}],"predecessor-version":[{"id":4257,"href":"https:\/\/bohoclub.com\/wellness\/es\/wp-json\/wp\/v2\/pages\/3283\/revisions\/4257"}],"wp:attachment":[{"href":"https:\/\/bohoclub.com\/wellness\/es\/wp-json\/wp\/v2\/media?parent=3283"}],"curies":[{"name":"wp","href":"https:\/\/api.w.org\/{rel}","templated":true}]}}